{"id":7948,"date":"2014-02-24T16:12:17","date_gmt":"2014-02-24T15:12:17","guid":{"rendered":"https:\/\/la-suite.ch\/hotel\/"},"modified":"2026-04-08T21:04:28","modified_gmt":"2026-04-08T20:04:28","slug":"hotel","status":"publish","type":"page","link":"https:\/\/la-suite.ch\/de\/hotel\/","title":{"rendered":"Hotel"},"content":{"rendered":"\n<p>Mit \u00fcber 50 Jahren Erfahrung bietet Ihnen das Hotel La-Suite als privater Gast oder Gesch\u00e4ftsreisender einen Aufenthalt abgestimmt auf Ihre Bed\u00fcrfnisse. <br>Zu Ihrer Verf\u00fcgung stehen 30 Zimmer (50 Betten), aufgeteilt in 3 Kategorien.<br>Einzel-, Doppel- und sogar Drei- oder Vierbettzimmer.<br>Klicken Sie unten auf \u201eBuchen\u201c, um alle Verf\u00fcgbaren Zimmer und die Besten Preise zu entdecken, f\u00fcr die von Ihnen gesuchten Daten.<\/p>\n\n\n\n<div style=\"height:40px\" aria-hidden=\"true\" class=\"wp-block-spacer\"><\/div>\n\n\n\n<div class=\"wp-block-columns is-layout-flex wp-container-core-columns-is-layout-28f84493 wp-block-columns-is-layout-flex\">\n<div class=\"wp-block-column has-ast-global-color-8-background-color has-background is-layout-flow wp-block-column-is-layout-flow\" style=\"padding-top:var(--wp--preset--spacing--50);padding-right:var(--wp--preset--spacing--50);padding-bottom:var(--wp--preset--spacing--50);padding-left:var(--wp--preset--spacing--50)\">\n<h3 class=\"wp-block-heading has-text-align-center\">Komfort<\/h3>\n\n\n\n<figure class=\"wp-block-image aligncenter size-full\"><a href=\"https:\/\/la-suite.ch\/de\/hotel\/komfort-zimmer\/\"><img loading=\"lazy\" decoding=\"async\" width=\"1101\" height=\"826\" src=\"https:\/\/la-suite.ch\/hotel_payerne\/2023\/05\/2063306-edited.jpg\" alt=\"\" class=\"wp-image-2762\" srcset=\"https:\/\/la-suite.ch\/hotel_payerne\/2023\/05\/2063306-edited.jpg 1101w, https:\/\/la-suite.ch\/hotel_payerne\/2023\/05\/2063306-edited-600x450.jpg 600w, https:\/\/la-suite.ch\/hotel_payerne\/2023\/05\/2063306-edited-1024x768.jpg 1024w, https:\/\/la-suite.ch\/hotel_payerne\/2023\/05\/2063306-edited-300x225.jpg 300w, https:\/\/la-suite.ch\/hotel_payerne\/2023\/05\/2063306-edited-768x576.jpg 768w\" sizes=\"auto, (max-width: 1101px) 100vw, 1101px\" \/><\/a><\/figure>\n\n\n\n<div class=\"wp-block-buttons is-content-justification-center is-layout-flex wp-container-core-buttons-is-layout-a89b3969 wp-block-buttons-is-layout-flex\">\n<div class=\"wp-block-button\"><a class=\"wp-block-button__link has-text-align-center wp-element-button\" href=\"https:\/\/tbooking.toubiz.de\/TDS00020010075626499\/tbooking\/?globalReset=1&amp;lang=de\" target=\"_blank\" rel=\"noreferrer noopener\">Buchen<\/a><\/div>\n<\/div>\n\n\n\n<p class=\"has-text-align-center\">Zimmer mit Standardkomfort<\/p>\n\n\n\n<p class=\"has-text-align-center\">(Flachbild-TV, WLAN-Internetzugang, Schreibtisch, Dusche\/Bad, WC, \u2026)<\/p>\n<\/div>\n\n\n\n<div class=\"wp-block-column has-ast-global-color-8-background-color has-background is-layout-flow wp-block-column-is-layout-flow\" style=\"padding-top:var(--wp--preset--spacing--50);padding-right:var(--wp--preset--spacing--50);padding-bottom:var(--wp--preset--spacing--50);padding-left:var(--wp--preset--spacing--50)\">\n<h3 class=\"wp-block-heading has-text-align-center\">Superior<\/h3>\n\n\n\n<figure class=\"wp-block-image aligncenter size-full\"><a href=\"https:\/\/la-suite.ch\/de\/hotel\/superior-zimmer\/\"><img loading=\"lazy\" decoding=\"async\" width=\"800\" height=\"600\" src=\"https:\/\/la-suite.ch\/hotel_payerne\/2014\/02\/chambre_hotel_superieur.jpg\" alt=\"\" class=\"wp-image-491\" srcset=\"https:\/\/la-suite.ch\/hotel_payerne\/2014\/02\/chambre_hotel_superieur.jpg 800w, https:\/\/la-suite.ch\/hotel_payerne\/2014\/02\/chambre_hotel_superieur-300x225.jpg 300w, https:\/\/la-suite.ch\/hotel_payerne\/2014\/02\/chambre_hotel_superieur-600x450.jpg 600w\" sizes=\"auto, (max-width: 800px) 100vw, 800px\" \/><\/a><\/figure>\n\n\n\n<div class=\"wp-block-buttons is-content-justification-center is-layout-flex wp-container-core-buttons-is-layout-a89b3969 wp-block-buttons-is-layout-flex\">\n<div class=\"wp-block-button\"><a class=\"wp-block-button__link has-text-align-center wp-element-button\" href=\"https:\/\/tbooking.toubiz.de\/TDS00020010075626499\/tbooking\/?globalReset=1&amp;lang=de\" target=\"_blank\" rel=\"noreferrer noopener\">Buchen<\/a><\/div>\n<\/div>\n\n\n\n<p class=\"has-text-align-center\">Zimmer mit zus\u00e4tzlichem Komfort<\/p>\n\n\n\n<p class=\"has-text-align-center\">(Ger\u00e4umige Zimmer, Klimaanlage, privilegierte Lage, Boxspring-Betten, Nespresso-Kaffeemaschine, gro\u00dfer Flachbildfernseher, Safe, Bademantel, Haartrockner,\u2026)<\/p>\n<\/div>\n\n\n\n<div class=\"wp-block-column has-ast-global-color-8-background-color has-background is-layout-flow wp-block-column-is-layout-flow\" style=\"padding-top:var(--wp--preset--spacing--50);padding-right:var(--wp--preset--spacing--50);padding-bottom:var(--wp--preset--spacing--50);padding-left:var(--wp--preset--spacing--50)\">\n<h3 class=\"wp-block-heading has-text-align-center\">Suite<\/h3>\n\n\n\n<figure class=\"wp-block-image aligncenter size-full\"><a href=\"https:\/\/la-suite.ch\/de\/hotel\/suite-zimmer\/\"><img loading=\"lazy\" decoding=\"async\" width=\"736\" height=\"552\" src=\"https:\/\/la-suite.ch\/hotel_payerne\/2023\/05\/IMG_8617_a-800-edited.jpg\" alt=\"Hotelzimmer Suite mit Wohnzimmer und B\u00fcro.\" class=\"wp-image-2759\" srcset=\"https:\/\/la-suite.ch\/hotel_payerne\/2023\/05\/IMG_8617_a-800-edited.jpg 736w, https:\/\/la-suite.ch\/hotel_payerne\/2023\/05\/IMG_8617_a-800-edited-600x450.jpg 600w, https:\/\/la-suite.ch\/hotel_payerne\/2023\/05\/IMG_8617_a-800-edited-300x225.jpg 300w\" sizes=\"auto, (max-width: 736px) 100vw, 736px\" \/><\/a><\/figure>\n\n\n\n<div class=\"wp-block-buttons is-content-justification-center is-layout-flex wp-container-core-buttons-is-layout-a89b3969 wp-block-buttons-is-layout-flex\">\n<div class=\"wp-block-button\"><a class=\"wp-block-button__link has-text-align-center wp-element-button\" href=\"https:\/\/tbooking.toubiz.de\/TDS00020010075626499\/tbooking\/?globalReset=1&amp;lang=de\" target=\"_blank\" rel=\"noreferrer noopener\">Buchen<\/a><\/div>\n<\/div>\n\n\n\n<p class=\"has-text-align-center\">Hotelzimmer Suite mit Wohnzimmer und B\u00fcro.<\/p>\n\n\n\n<p class=\"has-text-align-center\">(Klimaanlage, Wohnzimmer, 2-zimmer Suite, Boxspringbett, 2 grosser Flachbild-TV, Nespresso Kaffeemaschine, Drucker, Telefon mit separater Leitung, grosser Safe,..)<\/p>\n<\/div>\n<\/div>\n\n\n\n<p class=\"has-text-align-center\"><\/p>\n\n\n\n<p class=\"has-text-align-center\">Preise in CHF, pro Zimmer, pro Nacht &#8211; inklusive Fr\u00fchst\u00fcck<\/p>\n\n\n\n<p class=\"has-text-align-center\">Standardbedingungen:<br>Check-in: 14:00 bis 20:00 Uhr <em>(Sonntags bis 17:30 Uhr\/Schlie\u00dfung)<\/em><br>Check-out: 11:00 Uhr<br>Fr\u00fchst\u00fccksbuffet inklusive : 6:30 bis 10:00 Uhr <em>(Samstags und Sonntags ab 7:30 Uhr)<\/em><\/p>\n","protected":false},"excerpt":{"rendered":"<p>Mit \u00fcber 50 Jahren Erfahrung bietet Ihnen das Hotel La-Suite als privater Gast oder Gesch\u00e4ftsreisender einen Aufenthalt abgestimmt auf Ihre Bed\u00fcrfnisse. Zu Ihrer Verf\u00fcgung stehen 30 Zimmer (50 Betten), aufgeteilt in 3 Kategorien.Einzel-, Doppel- und sogar Drei- oder Vierbettzimmer.Klicken Sie unten auf \u201eBuchen\u201c, um alle Verf\u00fcgbaren Zimmer und die Besten Preise zu entdecken, f\u00fcr die [&hellip;]<\/p>\n","protected":false},"author":1,"featured_media":0,"parent":0,"menu_order":5,"comment_status":"closed","ping_status":"closed","template":"","meta":{"_uag_custom_page_level_css":"","site-sidebar-layout":"default","site-content-layout":"","ast-site-content-layout":"default","site-content-style":"default","site-sidebar-style":"default","ast-global-header-display":"","ast-banner-title-visibility":"","ast-main-header-display":"","ast-hfb-above-header-display":"","ast-hfb-below-header-display":"","ast-hfb-mobile-header-display":"","site-post-title":"","ast-breadcrumbs-content":"","ast-featured-img":"","footer-sml-layout":"","theme-transparent-header-meta":"","adv-header-id-meta":"","stick-header-meta":"","header-above-stick-meta":"","header-main-stick-meta":"","header-below-stick-meta":"","astra-migrate-meta-layouts":"set","ast-page-background-enabled":"default","ast-page-background-meta":{"desktop":{"background-color":"var(--ast-global-color-4)","background-image":"","background-repeat":"repeat","background-position":"center center","background-size":"auto","background-attachment":"scroll","background-type":"","background-media":"","overlay-type":"","overlay-color":"","overlay-opacity":"","overlay-gradient":""},"tablet":{"background-color":"","background-image":"","background-repeat":"repeat","background-position":"center center","background-size":"auto","background-attachment":"scroll","background-type":"","background-media":"","overlay-type":"","overlay-color":"","overlay-opacity":"","overlay-gradient":""},"mobile":{"background-color":"","background-image":"","background-repeat":"repeat","background-position":"center center","background-size":"auto","background-attachment":"scroll","background-type":"","background-media":"","overlay-type":"","overlay-color":"","overlay-opacity":"","overlay-gradient":""}},"ast-content-background-meta":{"desktop":{"background-color":"var(--ast-global-color-5)","background-image":"","background-repeat":"repeat","background-position":"center center","background-size":"auto","background-attachment":"scroll","background-type":"","background-media":"","overlay-type":"","overlay-color":"","overlay-opacity":"","overlay-gradient":""},"tablet":{"background-color":"var(--ast-global-color-5)","background-image":"","background-repeat":"repeat","background-position":"center center","background-size":"auto","background-attachment":"scroll","background-type":"","background-media":"","overlay-type":"","overlay-color":"","overlay-opacity":"","overlay-gradient":""},"mobile":{"background-color":"var(--ast-global-color-5)","background-image":"","background-repeat":"repeat","background-position":"center center","background-size":"auto","background-attachment":"scroll","background-type":"","background-media":"","overlay-type":"","overlay-color":"","overlay-opacity":"","overlay-gradient":""}},"footnotes":""},"class_list":["post-7948","page","type-page","status-publish","hentry"],"uagb_featured_image_src":{"full":false,"thumbnail":false,"medium":false,"medium_large":false,"large":false,"1536x1536":false,"2048x2048":false,"medium-dia":false,"slider-xl":false,"slider-l":false,"slider-m":false,"slider-s":false,"gform-image-choice-sm":false,"gform-image-choice-md":false,"gform-image-choice-lg":false},"uagb_author_info":{"display_name":"administr","author_link":"https:\/\/la-suite.ch\/de\/author\/administr\/"},"uagb_comment_info":0,"uagb_excerpt":"Mit \u00fcber 50 Jahren Erfahrung bietet Ihnen das Hotel La-Suite als privater Gast oder Gesch\u00e4ftsreisender einen Aufenthalt abgestimmt auf Ihre Bed\u00fcrfnisse. Zu Ihrer Verf\u00fcgung stehen 30 Zimmer (50 Betten), aufgeteilt in 3 Kategorien.Einzel-, Doppel- und sogar Drei- oder Vierbettzimmer.Klicken Sie unten auf \u201eBuchen\u201c, um alle Verf\u00fcgbaren Zimmer und die Besten Preise zu entdecken, f\u00fcr die&hellip;","_links":{"self":[{"href":"https:\/\/la-suite.ch\/de\/wp-json\/wp\/v2\/pages\/7948","targetHints":{"allow":["GET"]}}],"collection":[{"href":"https:\/\/la-suite.ch\/de\/wp-json\/wp\/v2\/pages"}],"about":[{"href":"https:\/\/la-suite.ch\/de\/wp-json\/wp\/v2\/types\/page"}],"author":[{"embeddable":true,"href":"https:\/\/la-suite.ch\/de\/wp-json\/wp\/v2\/users\/1"}],"replies":[{"embeddable":true,"href":"https:\/\/la-suite.ch\/de\/wp-json\/wp\/v2\/comments?post=7948"}],"version-history":[{"count":5,"href":"https:\/\/la-suite.ch\/de\/wp-json\/wp\/v2\/pages\/7948\/revisions"}],"predecessor-version":[{"id":10364,"href":"https:\/\/la-suite.ch\/de\/wp-json\/wp\/v2\/pages\/7948\/revisions\/10364"}],"wp:attachment":[{"href":"https:\/\/la-suite.ch\/de\/wp-json\/wp\/v2\/media?parent=7948"}],"curies":[{"name":"wp","href":"https:\/\/api.w.org\/{rel}","templated":true}]}}