{"id":3501,"date":"2016-08-29T08:53:00","date_gmt":"2016-08-29T07:53:00","guid":{"rendered":"https:\/\/la-suite.ch\/?page_id=3501"},"modified":"2024-01-02T11:01:29","modified_gmt":"2024-01-02T10:01:29","slug":"takeaway","status":"publish","type":"page","link":"https:\/\/la-suite.ch\/de\/takeaway\/","title":{"rendered":"Take-away derenzeit nur per internet hier -oder- Tel 026 662 00 20"},"content":{"rendered":"\n<div class=\"wp-block-contact-form-7-contact-form-selector\">\n<div class=\"wpcf7 no-js\" id=\"wpcf7-f669-o1\" lang=\"fr-FR\" dir=\"ltr\" data-wpcf7-id=\"669\">\n<div class=\"screen-reader-response\"><p role=\"status\" aria-live=\"polite\" aria-atomic=\"true\"><\/p> <ul><\/ul><\/div>\n<form action=\"\/de\/wp-json\/wp\/v2\/pages\/3501#wpcf7-f669-o1\" method=\"post\" class=\"wpcf7-form init\" aria-label=\"Formulaire de contact\" novalidate=\"novalidate\" data-status=\"init\">\n<fieldset class=\"hidden-fields-container\"><input type=\"hidden\" name=\"_wpcf7\" value=\"669\" \/><input type=\"hidden\" name=\"_wpcf7_version\" value=\"6.1.1\" \/><input type=\"hidden\" name=\"_wpcf7_locale\" value=\"fr_FR\" \/><input type=\"hidden\" name=\"_wpcf7_unit_tag\" value=\"wpcf7-f669-o1\" \/><input type=\"hidden\" name=\"_wpcf7_container_post\" value=\"0\" \/><input type=\"hidden\" name=\"_wpcf7_posted_data_hash\" value=\"\" \/><input type=\"hidden\" name=\"_wpcf7cf_hidden_group_fields\" value=\"[]\" \/><input type=\"hidden\" name=\"_wpcf7cf_hidden_groups\" value=\"[]\" \/><input type=\"hidden\" name=\"_wpcf7cf_visible_groups\" value=\"[]\" \/><input type=\"hidden\" name=\"_wpcf7cf_repeaters\" value=\"[]\" \/><input type=\"hidden\" name=\"_wpcf7cf_steps\" value=\"{}\" \/><input type=\"hidden\" name=\"_wpcf7cf_options\" value=\"{&quot;form_id&quot;:669,&quot;conditions&quot;:[{&quot;then_field&quot;:&quot;group-tel&quot;,&quot;and_rules&quot;:[{&quot;if_field&quot;:&quot;yourcontact&quot;,&quot;operator&quot;:&quot;equals&quot;,&quot;if_value&quot;:&quot;SMS (t\\u00e9l\\u00e9phone)&quot;}]},{&quot;then_field&quot;:&quot;group-mail&quot;,&quot;and_rules&quot;:[{&quot;if_field&quot;:&quot;yourcontact&quot;,&quot;operator&quot;:&quot;equals&quot;,&quot;if_value&quot;:&quot;Email&quot;}]}],&quot;settings&quot;:{&quot;animation&quot;:&quot;yes&quot;,&quot;animation_intime&quot;:200,&quot;animation_outtime&quot;:200,&quot;conditions_ui&quot;:&quot;normal&quot;,&quot;notice_dismissed&quot;:false}}\" \/><input type=\"hidden\" name=\"_wpcf7_recaptcha_response\" value=\"\" \/>\n<\/fieldset>\n<div class=\"wp-block-columns\">\n\t<div class=\"wp-block-column column1\" style=\"flex-basis:50%; margin-bottom:0\">\n\t\t<p>Ma commande:\n\t\t<\/p>\n\t\t<p><span class=\"wpcf7-form-control-wrap\" data-name=\"yourcommande\"><select class=\"wpcf7-form-control wpcf7-select\" aria-invalid=\"false\" name=\"yourcommande\"><option value=\"Attention - Vous devez recevoir une confirmation de commande\">Attention - Vous devez recevoir une confirmation de commande<\/option><option value=\"parent_Enfants\">parent_Enfants<\/option><option value=\"portion de frites, ketchup Fr. 6.-\">portion de frites, ketchup Fr. 6.-<\/option><option value=\"Nuggets de volaille, frites, l\u00e9gumes Fr. 11.-\">Nuggets de volaille, frites, l\u00e9gumes Fr. 11.-<\/option><option value=\"endparent\">endparent<\/option><option value=\"parent_Assiette-du-jour\">parent_Assiette-du-jour<\/option><option value=\"Assiette du jour (sans dessert) Fr. 18.-\">Assiette du jour (sans dessert) Fr. 18.-<\/option><option value=\"endparent\">endparent<\/option><option value=\"parent_Vegetarien\">parent_Vegetarien<\/option><option value=\"Risotto aux L\u00e9gumes Fr. 25.-\">Risotto aux L\u00e9gumes Fr. 25.-<\/option><option value=\"endparent\">endparent<\/option><option value=\"parent_Burgers-frites\">parent_Burgers-frites<\/option><option value=\"Hamburger, frites Fr. 12.-\">Hamburger, frites Fr. 12.-<\/option><option value=\"Burger au Fromage, frites Fr. 18.-\">Burger au Fromage, frites Fr. 18.-<\/option><option value=\"Americanburger,frites Fr. 18.-\">Americanburger,frites Fr. 18.-<\/option><option value=\"La Suite burger, frites Fr. 23.-\">La Suite burger, frites Fr. 23.-<\/option><option value=\"endparent\">endparent<\/option><option value=\"parent_Specialites\">parent_Specialites<\/option><option value=\"endparent\">endparent<\/option><option value=\"parent_Viandes-Grillades\">parent_Viandes-Grillades<\/option><option value=\"Cordon Bleu (porc), frites, l\u00e9gumes Fr. 25.-\">Cordon Bleu (porc), frites, l\u00e9gumes Fr. 25.-<\/option><option value=\"Cordon Bleu XL (porc), frites Fr. 28.-\">Cordon Bleu XL (porc), frites Fr. 28.-<\/option><option value=\"Steak de Boeuf &amp; Beurre maison, frites, l\u00e9gumes Fr. 29.50\">Steak de Boeuf &amp; Beurre maison, frites, l\u00e9gumes Fr. 29.50<\/option><option value=\"Filets Mignons de porc aux Morilles, frites, legumes Fr. 35.-\">Filets Mignons de porc aux Morilles, frites, legumes Fr. 35.-<\/option><option value=\"endparent\">endparent<\/option><\/select><\/span>\n\t\t<\/p>\n\t<\/div>\n\t<div class=\"wp-block-column column2\" style=\"flex-basis:50%; margin-bottom:0\">\n\t\t<p>Mon heure d'Arriv\u00e9e \u00e0 La-Suite ou de livraison souhait\u00e9e (obligatoire):\n\t\t<\/p>\n\t\t<p><span class=\"wpcf7-form-control-wrap\" data-name=\"yourpickup\"><select class=\"wpcf7-form-control wpcf7-select wpcf7-validates-as-required\" aria-required=\"true\" aria-invalid=\"false\" name=\"yourpickup\"><option value=\"\">&#8212;Veuillez choisir une option&#8212;<\/option><option value=\"11:30\">11:30<\/option><option value=\"11:45\">11:45<\/option><option value=\"12:00\">12:00<\/option><option value=\"12:15\">12:15<\/option><option value=\"12:30\">12:30<\/option><option value=\"12:45\">12:45<\/option><option value=\"13:00\">13:00<\/option><option value=\"18:30\">18:30<\/option><option value=\"18:45\">18:45<\/option><option value=\"19:00\">19:00<\/option><option value=\"19:15\">19:15<\/option><option value=\"19:30\">19:30<\/option><option value=\"19:45\">19:45<\/option><option value=\"20:00\">20:00<\/option><\/select><\/span>\n\t\t<\/p>\n\t<\/div>\n<\/div>\n<p>Nom (obligatoire)\n<\/p>\n<p><span class=\"wpcf7-form-control-wrap\" data-name=\"yourname\"><input size=\"40\" maxlength=\"400\" class=\"wpcf7-form-control wpcf7-text wpcf7-validates-as-required\" aria-required=\"true\" aria-invalid=\"false\" value=\"\" type=\"text\" name=\"yourname\" \/><\/span>\n<\/p>\n<div class=\"wp-block-columns\">\n\t<div class=\"wp-block-column column1\" style=\"flex-basis:50%; margin-bottom:0\">\n\t\t<p>Je d\u00e9sire la confirmation de commande par:\n\t\t<\/p>\n\t\t<p><span class=\"wpcf7-form-control-wrap\" data-name=\"yourcontact\"><select class=\"wpcf7-form-control wpcf7-select\" id=\"yourcontact\" aria-invalid=\"false\" name=\"yourcontact\"><option value=\"Email\">Email<\/option><option value=\"SMS (t\u00e9l\u00e9phone)\">SMS (t\u00e9l\u00e9phone)<\/option><\/select><\/span>\n\t\t<\/p>\n\t<\/div>\n\t<div class=\"wp-block-column column2\" style=\"flex-basis:50%; margin-bottom:0\">\n\t\t<div data-id=\"group-mail\" data-orig_data_id=\"group-mail\"  class=\"\" data-class=\"wpcf7cf_group\">\n\t\t\t<p class=\"hide\" id=\"hide1\">Email (obligatoire)\n\t\t\t<\/p>\n\t\t\t<p><span class=\"wpcf7-form-control-wrap\" data-name=\"yourmail\"><input size=\"40\" maxlength=\"400\" class=\"wpcf7-form-control wpcf7-email wpcf7-validates-as-required wpcf7-text wpcf7-validates-as-email\" id=\"yourmail\" aria-required=\"true\" aria-invalid=\"false\" value=\"\" type=\"email\" name=\"yourmail\" \/><\/span>\n\t\t\t<\/p>\n\t\t<\/div>\n\t\t<div data-id=\"group-tel\" data-orig_data_id=\"group-tel\"  class=\"\" data-class=\"wpcf7cf_group\">\n\t\t\t<p class=\"hide\" id=\"hide2\">T\u00e9l\u00e9phone (obligatoire)\n\t\t\t<\/p>\n\t\t\t<p><span class=\"wpcf7-form-control-wrap\" data-name=\"yourtel\"><input size=\"40\" maxlength=\"400\" class=\"wpcf7-form-control wpcf7-tel wpcf7-validates-as-required wpcf7-text wpcf7-validates-as-tel\" id=\"yourtel\" aria-required=\"true\" aria-invalid=\"false\" value=\"\" type=\"tel\" name=\"yourtel\" \/><\/span>\n\t\t\t<\/p>\n\t\t<\/div>\n\t<\/div>\n<\/div>\n<div style=\"clear:both\">\n<\/div>\n<p>Commentaire\n<\/p>\n<p>ou mets suppl\u00e9mentaires ou instructions de livraison\n<\/p>\n<p><span class=\"wpcf7-form-control-wrap\" data-name=\"yourmessage\"><textarea cols=\"40\" rows=\"10\" maxlength=\"2000\" class=\"wpcf7-form-control wpcf7-textarea\" aria-invalid=\"false\" name=\"yourmessage\"><\/textarea><\/span>\n<\/p>\n<p><input class=\"wpcf7-form-control wpcf7-submit has-spinner\" type=\"submit\" value=\"Commander\" \/>\n<\/p><div class=\"wpcf7-response-output\" aria-hidden=\"true\"><\/div>\n<\/form>\n<\/div>\n<\/div>\n\n\n\n<hr class=\"wp-block-separator has-alpha-channel-opacity\"\/>\n\n\n\n<p class=\"has-text-align-center\"><span style=\"color: #993300;\">Avantageux,&nbsp; Simple&nbsp; et&nbsp; pratique. Heure d&#8217;arriv\u00e9e possible durant les horaires de repas, soit de 11h30 \u00e0 13h00 et de 18h30 \u00e0 21h30. Samedi-midi et dimanche-soir, pas de restauration. Actuellement: un nombre limit\u00e9 de commandes \u00e0 l&#8217;emporter online est disponible.<\/span><\/p>\n\n\n\n<p>Nouveau : Livraison GRATUITE \u00e0 Payerne-centre (d\u00e8s trente fr de commande) et Livraison GRATUITE aux environs (d\u00e8s soixante fr de commande)<\/p>\n\n\n\n<p>(Pour les Livraisons : Paiement -Comptant- uniquement, le livreur n ayant pas d appareil \u00e0 cartes)<\/p>\n\n\n\n<p class=\"has-text-align-center\"><a href=\"https:\/\/la-suite.ch\/hotel_payerne\/2014\/06\/carte.pdf\" target=\"_blank\" rel=\"noopener noreferrer\">Autres mets de notre Carte<\/a>, commandes multiples ou&nbsp;particularit\u00e9s:<\/p>\n\n\n\n<p class=\"has-text-align-center\"><a class=\"btn\" title=\"Commander \u00e0 l'emporter\" href=\"tel:+41266620020\">T\u00e9l. 026 662 00 20<\/a><\/p>\n\n\n\n<figure class=\"wp-block-image aligncenter\"><img loading=\"lazy\" decoding=\"async\" width=\"121\" height=\"60\" src=\"https:\/\/la-suite.ch\/hotel_payerne\/2016\/08\/takeaway.png\" alt=\"takeaway\" class=\"wp-image-712\"\/><\/figure>\n\n\n\n<p class=\"has-text-align-center\">Pour Commander par SMS ou WhatsApp : Envoyez simplement votre Nom, Plat, et Heure au 078 673 95 00<\/p>\n\n\n\n<p><\/p>\n\n\n\n<hr class=\"wp-block-separator has-alpha-channel-opacity\"\/>\n\n\n\t\t\t<div \n\t\t\tclass=\"wp-block-uagb-google-map uagb-google-map__wrap uagb-block-625c6a05     alignfull\"\n\t\t\tstyle=\"\" >\n\t\t\t\t<embed\n\t\t\t\t\tclass=\"uagb-google-map__iframe\"\n\t\t\t\t\ttitle=\"Google Map for \"\n\t\t\t\t\tsrc=\"https:\/\/maps.google.com\/maps?q=Rue%20du%20Temple%2010%2C%20Payerne&#038;z=14&#038;hl=fr&#038;t=m&#038;output=embed&#038;iwloc=near\"\n\t\t\t\t\twidth=\"640\"\n\t\t\t\t\theight=\"600\"\n\t\t\t\t\tloading=\"lazy\"\n\t\t\t\t><\/embed>\n\t\t\t<\/div>\n\t\t\t","protected":false},"excerpt":{"rendered":"<p>Avantageux,&nbsp; Simple&nbsp; et&nbsp; pratique. Heure d&#8217;arriv\u00e9e possible durant les horaires de repas, soit de 11h30 \u00e0 13h00 et de 18h30 \u00e0 21h30. Samedi-midi et dimanche-soir, pas de restauration. Actuellement: un nombre limit\u00e9 de commandes \u00e0 l&#8217;emporter online est disponible. Nouveau : Livraison GRATUITE \u00e0 Payerne-centre (d\u00e8s trente fr de commande) et Livraison GRATUITE aux environs [&hellip;]<\/p>\n","protected":false},"author":1,"featured_media":0,"parent":0,"menu_order":100,"comment_status":"closed","ping_status":"closed","template":"","meta":{"_uag_custom_page_level_css":"","site-sidebar-layout":"default","site-content-layout":"","ast-site-content-layout":"default","site-content-style":"default","site-sidebar-style":"default","ast-global-header-display":"","ast-banner-title-visibility":"","ast-main-header-display":"","ast-hfb-above-header-display":"","ast-hfb-below-header-display":"","ast-hfb-mobile-header-display":"","site-post-title":"","ast-breadcrumbs-content":"","ast-featured-img":"","footer-sml-layout":"","theme-transparent-header-meta":"","adv-header-id-meta":"","stick-header-meta":"","header-above-stick-meta":"","header-main-stick-meta":"","header-below-stick-meta":"","astra-migrate-meta-layouts":"default","ast-page-background-enabled":"default","ast-page-background-meta":{"desktop":{"background-color":"var(--ast-global-color-4)","background-image":"","background-repeat":"repeat","background-position":"center center","background-size":"auto","background-attachment":"scroll","background-type":"","background-media":"","overlay-type":"","overlay-color":"","overlay-opacity":"","overlay-gradient":""},"tablet":{"background-color":"","background-image":"","background-repeat":"repeat","background-position":"center center","background-size":"auto","background-attachment":"scroll","background-type":"","background-media":"","overlay-type":"","overlay-color":"","overlay-opacity":"","overlay-gradient":""},"mobile":{"background-color":"","background-image":"","background-repeat":"repeat","background-position":"center center","background-size":"auto","background-attachment":"scroll","background-type":"","background-media":"","overlay-type":"","overlay-color":"","overlay-opacity":"","overlay-gradient":""}},"ast-content-background-meta":{"desktop":{"background-color":"var(--ast-global-color-5)","background-image":"","background-repeat":"repeat","background-position":"center center","background-size":"auto","background-attachment":"scroll","background-type":"","background-media":"","overlay-type":"","overlay-color":"","overlay-opacity":"","overlay-gradient":""},"tablet":{"background-color":"var(--ast-global-color-5)","background-image":"","background-repeat":"repeat","background-position":"center center","background-size":"auto","background-attachment":"scroll","background-type":"","background-media":"","overlay-type":"","overlay-color":"","overlay-opacity":"","overlay-gradient":""},"mobile":{"background-color":"var(--ast-global-color-5)","background-image":"","background-repeat":"repeat","background-position":"center center","background-size":"auto","background-attachment":"scroll","background-type":"","background-media":"","overlay-type":"","overlay-color":"","overlay-opacity":"","overlay-gradient":""}},"footnotes":""},"class_list":["post-3501","page","type-page","status-publish","hentry"],"uagb_featured_image_src":{"full":false,"thumbnail":false,"medium":false,"medium_large":false,"large":false,"1536x1536":false,"2048x2048":false,"medium-dia":false,"slider-xl":false,"slider-l":false,"slider-m":false,"slider-s":false,"gform-image-choice-sm":false,"gform-image-choice-md":false,"gform-image-choice-lg":false},"uagb_author_info":{"display_name":"administr","author_link":"https:\/\/la-suite.ch\/de\/author\/administr\/"},"uagb_comment_info":0,"uagb_excerpt":"Avantageux,&nbsp; Simple&nbsp; et&nbsp; pratique. Heure d&#8217;arriv\u00e9e possible durant les horaires de repas, soit de 11h30 \u00e0 13h00 et de 18h30 \u00e0 21h30. Samedi-midi et dimanche-soir, pas de restauration. Actuellement: un nombre limit\u00e9 de commandes \u00e0 l&#8217;emporter online est disponible. Nouveau : Livraison GRATUITE \u00e0 Payerne-centre (d\u00e8s trente fr de commande) et Livraison GRATUITE aux environs&hellip;","_links":{"self":[{"href":"https:\/\/la-suite.ch\/de\/wp-json\/wp\/v2\/pages\/3501","targetHints":{"allow":["GET"]}}],"collection":[{"href":"https:\/\/la-suite.ch\/de\/wp-json\/wp\/v2\/pages"}],"about":[{"href":"https:\/\/la-suite.ch\/de\/wp-json\/wp\/v2\/types\/page"}],"author":[{"embeddable":true,"href":"https:\/\/la-suite.ch\/de\/wp-json\/wp\/v2\/users\/1"}],"replies":[{"embeddable":true,"href":"https:\/\/la-suite.ch\/de\/wp-json\/wp\/v2\/comments?post=3501"}],"version-history":[{"count":1,"href":"https:\/\/la-suite.ch\/de\/wp-json\/wp\/v2\/pages\/3501\/revisions"}],"predecessor-version":[{"id":3502,"href":"https:\/\/la-suite.ch\/de\/wp-json\/wp\/v2\/pages\/3501\/revisions\/3502"}],"wp:attachment":[{"href":"https:\/\/la-suite.ch\/de\/wp-json\/wp\/v2\/media?parent=3501"}],"curies":[{"name":"wp","href":"https:\/\/api.w.org\/{rel}","templated":true}]}}