{"id":3438,"date":"2014-02-24T16:12:06","date_gmt":"2014-02-24T15:12:06","guid":{"rendered":"https:\/\/la-suite.ch\/?page_id=3438"},"modified":"2025-09-21T20:46:27","modified_gmt":"2025-09-21T19:46:27","slug":"startseite","status":"publish","type":"page","link":"https:\/\/la-suite.ch\/de\/","title":{"rendered":"Startseite"},"content":{"rendered":"\n<div class=\"wp-block-uagb-container bigbg uagb-block-fed00a05 alignfull uagb-is-root-container\"><div class=\"uagb-container-inner-blocks-wrap\">\n<div class=\"inherit-container-width wp-block-group alignfull mybackground is-layout-constrained wp-container-core-group-is-layout-75294154 wp-block-group-is-layout-constrained\" style=\"padding-top:0;padding-right:0;padding-bottom:0;padding-left:0\"><div class=\"wp-block-group__inner-container\">\n<div style=\"margin-top:0;margin-bottom:0;height:100px\" aria-hidden=\"true\" class=\"wp-block-spacer spacescreen\"><\/div>\n\n\n\n<h1 class=\"wp-block-heading has-text-align-left has-ast-global-color-7-color has-text-color\">Hotel <br>Cafe &amp; Restaurant <br>Festessen &amp; Tagungen<br>Payerne<\/h1>\n\n\n\n<div class=\"wp-block-columns is-layout-flex wp-container-core-columns-is-layout-c6bc58be wp-block-columns-is-layout-flex\" style=\"padding-top:0px;padding-right:0px;padding-bottom:0px;padding-left:0px\">\n<div class=\"wp-block-column is-layout-flow wp-block-column-is-layout-flow\" style=\"padding-top:0px;padding-right:0px;padding-bottom:0px;padding-left:0px;flex-basis:50%\">\n<div style=\"height:90px\" aria-hidden=\"true\" class=\"wp-block-spacer uag-hide-mob\"><\/div>\n\n\n\n<div style=\"height:30px\" aria-hidden=\"true\" class=\"wp-block-spacer uag-hide-desktop uag-hide-tab\"><\/div>\n\n\n<ul style=\"padding-top:var(--wp--preset--spacing--30);padding-right:var(--wp--preset--spacing--40);padding-bottom:var(--wp--preset--spacing--30);padding-left:var(--wp--preset--spacing--40);\" class=\"wp-block-latest-posts__list has-dates has-link-color wp-elements-cc24b66dc32e6ba6c0b014a5b283bc5f wp-block-latest-posts has-text-color has-ast-global-color-4-color has-background has-ast-global-color-8-background-color\"><li><a class=\"wp-block-latest-posts__post-title\" href=\"https:\/\/la-suite.ch\/de\/die-jagd-ist-da\/\">* * * Die Wild Spezialitaten sind  da!<\/a><time datetime=\"2024-09-17T21:39:43+01:00\" class=\"wp-block-latest-posts__post-date\">17 September 2024<\/time><div class=\"wp-block-latest-posts__post-excerpt\">&amp; andere Herbstspezialit\u00e4ten. Unser Team bereitet f\u00fcr Sie die besten Herbstrezepte vor und kocht f\u00fcr Sie.&#13; Entdecken Sie die Wildkarte und Herbstspezialit\u00e4ten hier auf unserer Hauptseite :-) Entdecken Sie alle unsere saisonalen Gerichte und reservieren Sie Ihren Tisch (hier, auf den Schaltfl\u00e4chen oben rechts). Courge aux MarronsTerrine Maison avec son Chutney maison &amp; son Pain\u2026\u00a0<a class=\"wp-block-latest-posts__read-more\" href=\"https:\/\/la-suite.ch\/de\/die-jagd-ist-da\/\" rel=\"noopener noreferrer\"><span class=\"screen-reader-text\">* * * Die Wild Spezialitaten sind  da! <\/span>weiterlesen<\/a><\/div><\/li>\n<\/ul><\/div>\n<\/div>\n<\/div><\/div>\n\n\n\n<p><\/p>\n<\/div><\/div>\n\n\n\n<div class=\"wp-block-cover alignfull\" style=\"padding-top:0;padding-right:0;padding-bottom:0;padding-left:0\"><span aria-hidden=\"true\" class=\"wp-block-cover__background has-ast-global-color-0-background-color has-background-dim-100 has-background-dim\"><\/span><div class=\"wp-block-cover__inner-container is-layout-flow wp-block-cover-is-layout-flow\">\n<div class=\"wp-block-uagb-container uagb-block-8214b7a3 alignfull uagb-is-root-container\">\n<div style=\"height:60px\" aria-hidden=\"true\" class=\"wp-block-spacer uag-hide-mob\"><\/div>\n\n\n\n<figure class=\"wp-block-image aligncenter size-full is-resized divzoomin\"><img loading=\"lazy\" decoding=\"async\" width=\"900\" height=\"211\" src=\"https:\/\/la-suite.ch\/hotel_payerne\/2023\/05\/logo-white.png\" alt=\"\" class=\"wp-image-2721\" style=\"width:340px\" srcset=\"https:\/\/la-suite.ch\/hotel_payerne\/2023\/05\/logo-white.png 900w, https:\/\/la-suite.ch\/hotel_payerne\/2023\/05\/logo-white-600x141.png 600w, https:\/\/la-suite.ch\/hotel_payerne\/2023\/05\/logo-white-768x180.png 768w\" sizes=\"auto, (max-width: 900px) 100vw, 900px\" \/><\/figure>\n\n\n\n<h3 class=\"wp-block-heading has-text-align-center has-ast-global-color-7-color has-text-color\">Hotel Cafe &amp; Restaurant in Payerne<\/h3>\n\n\n\n<p class=\"has-ast-global-color-7-color has-text-color has-link-color wp-elements-f9f4cae09f335c204096890d9db906cc\">LaSuite begr\u00fc\u00dft Sie im Zentrum von Payerne, in der N\u00e4he zu den wichtigsten Einkaufsm\u00f6glichkeiten und \u00f6ffentlichen Verkehrsmittel (Bahnhof SBB, Taxi \u2026) Ideal gelegen, ist Payerne ist der perfekte Ausgangsort f\u00fcr Ihre Reisen im Herzen der Schweiz. Eine grosse Auswahl an Freizeitaktivit\u00e4ten bietet sich Ihnen : Ein 18-Loch- Golfplatz, ein olympisches Schwimmbecken, ein Freizeitpark f\u00fcr Kinder, die l\u00e4ngste Indoor-Kartbahn in Europa, eine F\u00fchrung durch die ehrw\u00fcrdige Abtei aus dem 11. Jahrundert oder eine Degustation der lokalen Weine aus den Dom\u00e4nen des Lavaux (UNESCO-Welterbe).<\/p>\n\n\n\n<div style=\"height:50px\" aria-hidden=\"true\" class=\"wp-block-spacer uag-hide-mob\"><\/div>\n<\/div>\n<\/div><\/div>\n\n\n\n<div class=\"wp-block-uagb-container uagb-block-938b4194 alignfull uagb-is-root-container\">\n<div class=\"wp-block-uagb-container uagb-block-9b59f33f\">\n<div class=\"wp-block-uagb-container uagb-block-8c42b9ba\">\n<div class=\"wp-block-uagb-info-box uagb-block-aee5ed6d uagb-infobox__content-wrap  uagb-infobox-icon-above-title uagb-infobox-image-valign-top\"><div class=\"uagb-ifb-content\"><div class=\"uagb-ifb-title-wrap\"><h2 class=\"uagb-ifb-title\">Cafe &amp; Restaurant<\/h2><\/div><p class=\"uagb-ifb-desc\">Unser <strong>Cafe<\/strong> ist der ideale Ort, um einfach ein Glas oder gutes Essen zu geniessen.<br><br>Die <strong>Restaurant-Lounge<\/strong> f\u00fcr einen entspannten Feierabend oder erlesene Speisen.<\/p><div class=\"uagb-ifb-button-wrapper wp-block-button\"><a href=\"https:\/\/la-suite.ch\/de\/cafe-restaurant\/\" target=\"_self\" onclick=\"return true;\" class=\"uagb-infobox-cta-link\" rel=\"noopener noreferrer\"><svg xmlns=\"https:\/\/www.w3.org\/2000\/svg\" viewBox=\"0 0 512 512\"><path d=\"M504.3 273.6l-112.1 104c-6.992 6.484-17.18 8.218-25.94 4.406c-8.758-3.812-14.42-12.45-14.42-21.1L351.9 288H32C14.33 288 .0002 273.7 .0002 255.1S14.33 224 32 224h319.9l0-72c0-9.547 5.66-18.19 14.42-22c8.754-3.809 18.95-2.075 25.94 4.41l112.1 104C514.6 247.9 514.6 264.1 504.3 273.6z\"><\/path><\/svg><span class=\"uagb-inline-editing\">Mehr Informationen<\/span><\/a><\/div><\/div><\/div>\n\n\n\n<div class=\"wp-block-buttons is-layout-flex wp-block-buttons-is-layout-flex\">\n<div class=\"wp-block-button\"><a class=\"wp-block-button__link wp-element-button\" href=\"https:\/\/la-suite.ch\/hotel_payerne\/2014\/06\/carte.pdf\">SpeiSekarte<\/a><\/div>\n\n\n\n<div class=\"wp-block-button\"><a class=\"wp-block-button__link wp-element-button\" href=\"https:\/\/la-suite.ch\/de\/book\/\">Einen Tisch reservieren<\/a><\/div>\n<\/div>\n<\/div>\n<\/div>\n\n\n\n<div class=\"wp-block-uagb-container uagb-block-91ad8a9b\">\n<div class=\"wp-block-uagb-image uagb-block-d58e8f9f wp-block-uagb-image--layout-default wp-block-uagb-image--effect-static wp-block-uagb-image--align-none\"><figure class=\"wp-block-uagb-image__figure\"><img decoding=\"async\" srcset=\"https:\/\/la-suite.ch\/hotel_payerne\/2014\/02\/restaurant_lasuite2-1024x767.jpg \" sizes=\"auto, (max-width: 480px) 150px\" src=\"https:\/\/la-suite.ch\/hotel_payerne\/2014\/02\/restaurant_lasuite2-1024x767.jpg\" alt=\"\" class=\"uag-image-115\" width=\"1024\" height=\"767\" title=\"\" loading=\"lazy\" role=\"img\"\/><\/figure><\/div>\n<\/div>\n<\/div>\n\n\n\n<div style=\"height:100px\" aria-hidden=\"true\" class=\"wp-block-spacer uag-hide-tab uag-hide-mob\"><\/div>\n\n\n\n<div class=\"inherit-container-width wp-block-group alignfull has-white-background-color has-background is-layout-constrained wp-block-group-is-layout-constrained\"><div class=\"wp-block-group__inner-container\">\n<div class=\"wp-block-uagb-slider uagb-block-a46d8ded uagb-slider-container\"><div class=\"uagb-slides uagb-swiper\"><div class=\"swiper-wrapper\">\n<div class=\"wp-block-uagb-slider-child uagb-slider-child-wrap swiper-slide uagb-block-c68c5612\"><div class=\"swiper-content\">\n<div class=\"wp-block-uagb-container uagb-block-ed72bd70 alignfull uagb-is-root-container\"><div class=\"uagb-container-inner-blocks-wrap\">\n<div class=\"wp-block-uagb-info-box uagb-block-dbd6d3f2 uagb-infobox__content-wrap  uagb-infobox-icon-above-title uagb-infobox-image-valign-top\"><div class=\"uagb-ifb-content\"><div class=\"uagb-ifb-title-wrap\"><h3 class=\"uagb-ifb-title\">Spielbereich f\u00fcr Kinder<\/h3><\/div><p class=\"uagb-ifb-desc\">Der Spielplatz wird Sie begeistern Kinder.<\/p><\/div><\/div>\n<\/div><\/div>\n<\/div><\/div>\n\n\n\n<div class=\"wp-block-uagb-slider-child uagb-slider-child-wrap swiper-slide uagb-block-f0e7e6d4\"><div class=\"swiper-content\">\n<div class=\"wp-block-uagb-container uagb-block-50c7d6b9 alignfull uagb-is-root-container\"><div class=\"uagb-container-inner-blocks-wrap\">\n<div class=\"wp-block-uagb-info-box uagb-block-476362c2 uagb-infobox__content-wrap  uagb-infobox-icon-above-title uagb-infobox-image-valign-top\"><div class=\"uagb-ifb-content\"><div class=\"uagb-ifb-title-wrap\"><h3 class=\"uagb-ifb-title\">Rauchersalon<\/h3><\/div><p class=\"uagb-ifb-desc\">Eine Pause in einem geraumigen und Komfortabelen Rahmen zu geniessen.<\/p><\/div><\/div>\n<\/div><\/div>\n<\/div><\/div>\n\n\n\n<div class=\"wp-block-uagb-slider-child uagb-slider-child-wrap swiper-slide uagb-block-db9c7384\"><div class=\"swiper-content\">\n<div class=\"wp-block-uagb-container uagb-block-42bf76c3 alignfull uagb-is-root-container\"><div class=\"uagb-container-inner-blocks-wrap\">\n<div class=\"wp-block-uagb-info-box uagb-block-2a9e393e uagb-infobox__content-wrap  uagb-infobox-icon-above-title uagb-infobox-image-valign-top\"><div class=\"uagb-ifb-content\"><div class=\"uagb-ifb-title-wrap\"><h3 class=\"uagb-ifb-title\">Festessen<\/h3><\/div><p class=\"uagb-ifb-desc\">F\u00fcr Ihre Festessen von 10 bis 250 Personen.<\/p><\/div><\/div>\n<\/div><\/div>\n<\/div><\/div>\n\n\n\n<div class=\"wp-block-uagb-slider-child uagb-slider-child-wrap swiper-slide uagb-block-3286ad0c\"><div class=\"swiper-content\">\n<div class=\"wp-block-uagb-container uagb-block-897f74d4 alignfull uagb-is-root-container\"><div class=\"uagb-container-inner-blocks-wrap\">\n<div class=\"wp-block-uagb-info-box uagb-block-022a839c uagb-infobox__content-wrap  uagb-infobox-icon-above-title uagb-infobox-image-valign-top\"><div class=\"uagb-ifb-content\"><div class=\"uagb-ifb-title-wrap\"><h3 class=\"uagb-ifb-title\">Sommerterrasse<\/h3><\/div><p class=\"uagb-ifb-desc\">DIE \u201cIn\u201d \u2013 Terrasse.<\/p><\/div><\/div>\n<\/div><\/div>\n<\/div><\/div>\n<\/div><\/div><div class=\"swiper-pagination\"><\/div><div class=\"swiper-button-prev\"><\/div><div class=\"swiper-button-next\"><\/div><\/div>\n<\/div><\/div>\n\n\n\n<div style=\"height:100px\" aria-hidden=\"true\" class=\"wp-block-spacer uag-hide-tab uag-hide-mob\"><\/div>\n\n\n\n<div class=\"wp-block-uagb-container uagb-block-5ed61622 alignfull uagb-is-root-container\">\n<div class=\"wp-block-uagb-container uagb-block-0ebe92e2\">\n<div class=\"wp-block-uagb-image uagb-block-433b308b wp-block-uagb-image--layout-default wp-block-uagb-image--effect-static wp-block-uagb-image--align-none\"><figure class=\"wp-block-uagb-image__figure\"><img decoding=\"async\" srcset=\"https:\/\/la-suite.ch\/hotel_payerne\/2023\/05\/hotel-payerne-chambre-1024x876.jpeg ,https:\/\/la-suite.ch\/hotel_payerne\/2023\/05\/hotel-payerne-chambre-1024x876.jpeg 780w\" sizes=\"auto, (max-width: 480px) 150px\" src=\"https:\/\/la-suite.ch\/hotel_payerne\/2023\/05\/hotel-payerne-chambre-1024x876.jpeg\" alt=\"Chambre h\u00f4tel Payerne La Suite\" class=\"uag-image-2610\" width=\"1024\" height=\"876\" title=\"\" loading=\"lazy\" role=\"img\"\/><\/figure><\/div>\n<\/div>\n\n\n\n<div class=\"wp-block-uagb-container uagb-block-e67a6c88\">\n<div class=\"wp-block-uagb-container uagb-block-66abb58d\">\n<div class=\"wp-block-uagb-info-box uagb-block-b7afb18d uagb-infobox__content-wrap  uagb-infobox-icon-above-title uagb-infobox-image-valign-top\"><div class=\"uagb-ifb-content\"><div class=\"uagb-ifb-title-wrap\"><h2 class=\"uagb-ifb-title\">Hotel<\/h2><\/div><p class=\"uagb-ifb-desc\">LaSuite garantiert Ihnen einen Aufenthalt, der perfekt auf Ihre Bed\u00fcrfnisse zugeschnitten ist. Zu Ihrer Verf\u00fcgung stehen 30 Zimmer (50 Betten), die in 3 Kategorien unterteilt sind.<br><br><strong>TOP PRICE<\/strong><br>Buchen Sir direkt <a href=\"https:\/\/tbooking.toubiz.de\/TDS00020010075626499\/tbooking\/?globalReset=1&amp;lang=de\">&#8211; hier &#8211; <\/a>und erhalten Sie den besten Preis<\/p><div class=\"uagb-ifb-button-wrapper wp-block-button\"><a href=\"https:\/\/la-suite.ch\/de\/hotel\/\" target=\"_self\" onclick=\"return true;\" class=\"uagb-infobox-cta-link\" rel=\"noopener noreferrer\"><svg xmlns=\"https:\/\/www.w3.org\/2000\/svg\" viewBox=\"0 0 512 512\"><path d=\"M502.6 278.6l-128 128c-12.51 12.51-32.76 12.49-45.25 0c-12.5-12.5-12.5-32.75 0-45.25L402.8 288H32C14.31 288 0 273.7 0 255.1S14.31 224 32 224h370.8l-73.38-73.38c-12.5-12.5-12.5-32.75 0-45.25s32.75-12.5 45.25 0l128 128C515.1 245.9 515.1 266.1 502.6 278.6z\"><\/path><\/svg><span class=\"uagb-inline-editing\">Mehr Informationen<\/span><\/a><\/div><\/div><\/div>\n\n\n\n<div class=\"wp-block-buttons is-layout-flex wp-block-buttons-is-layout-flex\">\n<div class=\"wp-block-button\"><a class=\"wp-block-button__link wp-element-button\" href=\"https:\/\/tbooking.toubiz.de\/TDS00020010075626499\/tbooking\/?globalReset=1&amp;lang=de\" target=\"_blank\" rel=\"noreferrer noopener\">Ein Zimmer reservieren<\/a><\/div>\n<\/div>\n<\/div>\n<\/div>\n<\/div>\n\n\n\n<div class=\"wp-block-uagb-container uagb-block-500cf015 alignfull uagb-is-root-container\">\n<div class=\"wp-block-uagb-container uagb-block-13e40fb9\">\n<div class=\"wp-block-uagb-container uagb-block-2461cc9b\">\n<div class=\"wp-block-uagb-info-box uagb-block-03ba5fd9 uagb-infobox__content-wrap  uagb-infobox-icon-above-title uagb-infobox-image-valign-top\"><div class=\"uagb-ifb-content\"><div class=\"uagb-ifb-title-wrap\"><h2 class=\"uagb-ifb-title\">Festessen &amp; Tagungen<\/h2><\/div><p class=\"uagb-ifb-desc\">Unsere variablen S\u00e4le f\u00fcr Versammlungen, Empf\u00e4nge, Hochzeiten und Seminare erm\u00f6glichen die sch\u00f6nsten gesch\u00e4ftlichen oder gesellschaftlichen Veranstaltungen.<\/p><div class=\"uagb-ifb-button-wrapper wp-block-button\"><a href=\"https:\/\/la-suite.ch\/de\/festessen-tagungen\/\" target=\"_self\" onclick=\"return true;\" class=\"uagb-infobox-cta-link\" rel=\"noopener noreferrer\"><svg xmlns=\"https:\/\/www.w3.org\/2000\/svg\" viewBox=\"0 0 512 512\"><path d=\"M502.6 278.6l-128 128c-12.51 12.51-32.76 12.49-45.25 0c-12.5-12.5-12.5-32.75 0-45.25L402.8 288H32C14.31 288 0 273.7 0 255.1S14.31 224 32 224h370.8l-73.38-73.38c-12.5-12.5-12.5-32.75 0-45.25s32.75-12.5 45.25 0l128 128C515.1 245.9 515.1 266.1 502.6 278.6z\"><\/path><\/svg><span class=\"uagb-inline-editing\">Mehr Informationen<\/span><\/a><\/div><\/div><\/div>\n\n\n\n<div class=\"wp-block-buttons is-layout-flex wp-block-buttons-is-layout-flex\">\n<div class=\"wp-block-button\"><a class=\"wp-block-button__link wp-element-button\" href=\"https:\/\/la-suite.ch\/de\/book\/\">Einen Tisch reservieren<\/a><\/div>\n<\/div>\n\n\n\n<div style=\"height:100px\" aria-hidden=\"true\" class=\"wp-block-spacer uag-hide-tab uag-hide-mob\"><\/div>\n\n\n\n<div style=\"height:40px\" aria-hidden=\"true\" class=\"wp-block-spacer uag-hide-desktop\"><\/div>\n\n\n\n<div class=\"inherit-container-width wp-block-group has-border-color has-ast-global-color-3-border-color has-white-background-color has-background uag-hide-tab uag-hide-mob is-layout-constrained wp-container-core-group-is-layout-6f18c8a2 wp-block-group-is-layout-constrained\" style=\"border-width:2px;padding-top:20px;padding-right:20px;padding-bottom:20px;padding-left:20px\"><div class=\"wp-block-group__inner-container\">\n<div class=\"wp-block-uagb-info-box uagb-block-7eb8a63e uagb-infobox__content-wrap  uagb-infobox-icon-above-title uagb-infobox-image-valign-top\"><div class=\"uagb-ifb-content\"><div class=\"uagb-ifb-title-wrap\"><h3 class=\"uagb-ifb-title\">Blue Lagoon<\/h3><\/div><p class=\"uagb-ifb-desc\">F\u00fcr einen Augenblick der Entspannung.<\/p><div class=\"uagb-ifb-button-wrapper wp-block-button\"><a href=\"https:\/\/la-suite.ch\/de\/blue-lagoon-night-club-cabaret-one\/\" target=\"_self\" onclick=\"return true;\" class=\"uagb-infobox-cta-link\" rel=\"noopener noreferrer\"><svg xmlns=\"https:\/\/www.w3.org\/2000\/svg\" viewBox=\"0 0 512 512\"><path d=\"M502.6 278.6l-128 128c-12.51 12.51-32.76 12.49-45.25 0c-12.5-12.5-12.5-32.75 0-45.25L402.8 288H32C14.31 288 0 273.7 0 255.1S14.31 224 32 224h370.8l-73.38-73.38c-12.5-12.5-12.5-32.75 0-45.25s32.75-12.5 45.25 0l128 128C515.1 245.9 515.1 266.1 502.6 278.6z\"><\/path><\/svg><span class=\"uagb-inline-editing\">Mehr Informationen<\/span><\/a><\/div><\/div><\/div>\n<\/div><\/div>\n<\/div>\n<\/div>\n\n\n\n<div class=\"wp-block-uagb-container uagb-block-f19182fd\">\n<div class=\"wp-block-uagb-image uagb-block-08299e5f wp-block-uagb-image--layout-default wp-block-uagb-image--effect-static wp-block-uagb-image--align-none\"><figure class=\"wp-block-uagb-image__figure\"><img decoding=\"async\" srcset=\"https:\/\/la-suite.ch\/hotel_payerne\/2023\/04\/table-restaurant-banquet-4-768x1024.jpg \" sizes=\"auto, (max-width: 480px) 150px\" src=\"https:\/\/la-suite.ch\/hotel_payerne\/2023\/04\/table-restaurant-banquet-4-768x1024.jpg\" alt=\"table restaurant banquet - LA SUITE Payerne\" class=\"uag-image-2533\" width=\"768\" height=\"1024\" title=\"\" loading=\"lazy\" role=\"img\"\/><\/figure><\/div>\n\n\n\n<div style=\"height:100px\" aria-hidden=\"true\" class=\"wp-block-spacer uag-hide-desktop\"><\/div>\n\n\n\n<div class=\"inherit-container-width wp-block-group has-border-color has-ast-global-color-3-border-color has-white-background-color has-background uag-hide-desktop is-layout-constrained wp-container-core-group-is-layout-6f18c8a2 wp-block-group-is-layout-constrained\" style=\"border-width:2px;padding-top:20px;padding-right:20px;padding-bottom:20px;padding-left:20px\"><div class=\"wp-block-group__inner-container\">\n<div class=\"wp-block-uagb-info-box uagb-block-abf18964 uagb-infobox__content-wrap  uagb-infobox-icon-below-title uagb-infobox-image-valign-top\"><div class=\"uagb-ifb-content\"><div class=\"uagb-ifb-title-wrap\"><h3 class=\"uagb-ifb-title\">Blue Lagoon<\/h3><\/div><p class=\"uagb-ifb-desc\">F\u00fcr einen Augenblick der Entspannung.<\/p><div class=\"uagb-ifb-button-wrapper wp-block-button\"><a href=\"https:\/\/la-suite.ch\/de\/blue-lagoon-night-club-cabaret-one\/\" target=\"_self\" onclick=\"return true;\" class=\"uagb-infobox-cta-link\" rel=\"noopener noreferrer\"><svg xmlns=\"https:\/\/www.w3.org\/2000\/svg\" viewBox=\"0 0 512 512\"><path d=\"M502.6 278.6l-128 128c-12.51 12.51-32.76 12.49-45.25 0c-12.5-12.5-12.5-32.75 0-45.25L402.8 288H32C14.31 288 0 273.7 0 255.1S14.31 224 32 224h370.8l-73.38-73.38c-12.5-12.5-12.5-32.75 0-45.25s32.75-12.5 45.25 0l128 128C515.1 245.9 515.1 266.1 502.6 278.6z\"><\/path><\/svg><span class=\"uagb-inline-editing\">Mehr Informationen<\/span><\/a><\/div><\/div><\/div>\n<\/div><\/div>\n\n\n\n<div style=\"height:60px\" aria-hidden=\"true\" class=\"wp-block-spacer\"><\/div>\n<\/div>\n<\/div>\n","protected":false},"excerpt":{"rendered":"<p>Hotel Cafe &amp; Restaurant Festessen &amp; TagungenPayerne<\/p>\n","protected":false},"author":1,"featured_media":0,"parent":0,"menu_order":2,"comment_status":"closed","ping_status":"closed","template":"","meta":{"_uag_custom_page_level_css":"","site-sidebar-layout":"default","site-content-layout":"plain-container","ast-site-content-layout":"normal-width-container","site-content-style":"unboxed","site-sidebar-style":"unboxed","ast-global-header-display":"","ast-banner-title-visibility":"","ast-main-header-display":"","ast-hfb-above-header-display":"","ast-hfb-below-header-display":"","ast-hfb-mobile-header-display":"","site-post-title":"disabled","ast-breadcrumbs-content":"","ast-featured-img":"","footer-sml-layout":"","theme-transparent-header-meta":"enabled","adv-header-id-meta":"","stick-header-meta":"","header-above-stick-meta":"","header-main-stick-meta":"","header-below-stick-meta":"","astra-migrate-meta-layouts":"set","ast-page-background-enabled":"default","ast-page-background-meta":{"desktop":{"background-color":"var(--ast-global-color-4)","background-image":"","background-repeat":"repeat","background-position":"center center","background-size":"auto","background-attachment":"scroll","background-type":"","background-media":"","overlay-type":"","overlay-color":"","overlay-opacity":"","overlay-gradient":""},"tablet":{"background-color":"","background-image":"","background-repeat":"repeat","background-position":"center center","background-size":"auto","background-attachment":"scroll","background-type":"","background-media":"","overlay-type":"","overlay-color":"","overlay-opacity":"","overlay-gradient":""},"mobile":{"background-color":"","background-image":"","background-repeat":"repeat","background-position":"center center","background-size":"auto","background-attachment":"scroll","background-type":"","background-media":"","overlay-type":"","overlay-color":"","overlay-opacity":"","overlay-gradient":""}},"ast-content-background-meta":{"desktop":{"background-color":"var(--ast-global-color-5)","background-image":"","background-repeat":"repeat","background-position":"center center","background-size":"auto","background-attachment":"scroll","background-type":"","background-media":"","overlay-type":"","overlay-color":"","overlay-opacity":"","overlay-gradient":""},"tablet":{"background-color":"var(--ast-global-color-5)","background-image":"","background-repeat":"repeat","background-position":"center center","background-size":"auto","background-attachment":"scroll","background-type":"","background-media":"","overlay-type":"","overlay-color":"","overlay-opacity":"","overlay-gradient":""},"mobile":{"background-color":"var(--ast-global-color-5)","background-image":"","background-repeat":"repeat","background-position":"center center","background-size":"auto","background-attachment":"scroll","background-type":"","background-media":"","overlay-type":"","overlay-color":"","overlay-opacity":"","overlay-gradient":""}},"footnotes":""},"class_list":["post-3438","page","type-page","status-publish","hentry"],"uagb_featured_image_src":{"full":false,"thumbnail":false,"medium":false,"medium_large":false,"large":false,"1536x1536":false,"2048x2048":false,"medium-dia":false,"slider-xl":false,"slider-l":false,"slider-m":false,"slider-s":false,"gform-image-choice-sm":false,"gform-image-choice-md":false,"gform-image-choice-lg":false},"uagb_author_info":{"display_name":"administr","author_link":"https:\/\/la-suite.ch\/de\/author\/administr\/"},"uagb_comment_info":0,"uagb_excerpt":"Hotel Cafe &amp; Restaurant Festessen &amp; TagungenPayerne","_links":{"self":[{"href":"https:\/\/la-suite.ch\/de\/wp-json\/wp\/v2\/pages\/3438","targetHints":{"allow":["GET"]}}],"collection":[{"href":"https:\/\/la-suite.ch\/de\/wp-json\/wp\/v2\/pages"}],"about":[{"href":"https:\/\/la-suite.ch\/de\/wp-json\/wp\/v2\/types\/page"}],"author":[{"embeddable":true,"href":"https:\/\/la-suite.ch\/de\/wp-json\/wp\/v2\/users\/1"}],"replies":[{"embeddable":true,"href":"https:\/\/la-suite.ch\/de\/wp-json\/wp\/v2\/comments?post=3438"}],"version-history":[{"count":5,"href":"https:\/\/la-suite.ch\/de\/wp-json\/wp\/v2\/pages\/3438\/revisions"}],"predecessor-version":[{"id":7659,"href":"https:\/\/la-suite.ch\/de\/wp-json\/wp\/v2\/pages\/3438\/revisions\/7659"}],"wp:attachment":[{"href":"https:\/\/la-suite.ch\/de\/wp-json\/wp\/v2\/media?parent=3438"}],"curies":[{"name":"wp","href":"https:\/\/api.w.org\/{rel}","templated":true}]}}